{"id":106,"date":"2021-02-13T11:56:54","date_gmt":"2021-02-13T10:56:54","guid":{"rendered":"http:\/\/oferty.teatr-piosenki.pl\/?page_id=106"},"modified":"2026-01-09T11:40:58","modified_gmt":"2026-01-09T10:40:58","slug":"civis-christi","status":"publish","type":"page","link":"https:\/\/oferty.teatr-piosenki.pl\/index.php\/civis-christi\/","title":{"rendered":"CIVIS CHRISTI"},"content":{"rendered":"\n<p>\u201e<strong>Civis Christi\u2026<\/strong>\u201d jest opowie\u015bci\u0105 o \u017cyciu i kap\u0142a\u0144skiej pos\u0142udze&nbsp;<strong>Kardyna\u0142a Stefana Wyszy\u0144skiego<\/strong>&nbsp;\u2013 \u201e<strong>Wielkiego Inter Rexa Rzeczypospolitej<\/strong>\u201d \u2013 od chwili narodzin, dzieci\u0144stwa, m\u0142odo\u015bci i powo\u0142ania, poprzez lata wojny i okupacji, czasy stalinizmu i aresztowania, okres \u015alub\u00f3w Narodu Polskiego i Millenium, lata siedemdziesi\u0105te i udzia\u0142 w rzymskim konklawe, kt\u00f3re wybra\u0142o kardyna\u0142a&nbsp;<strong>Karola Wojty\u0142\u0119<\/strong>&nbsp;na Stolic\u0119 Piotrow\u0105, a\u017c po najs\u0142ynniejsze spotkanie dw\u00f3ch Wielkich Polak\u00f3w, czasy Solidarno\u015bci, zamachu na&nbsp;<strong>Jana Paw\u0142a II<\/strong>&nbsp;i ostatnie chwile \u017cycia Ksi\u0119dza Prymasa.<\/p>\n\n\n\n<figure class=\"wp-block-embed is-type-video is-provider-youtube wp-block-embed-youtube wp-embed-aspect-16-9 wp-has-aspect-ratio\"><div class=\"wp-block-embed__wrapper\">\n<iframe loading=\"lazy\" title=\",,CIVIS CHRISTI- PRYMAS TYSI\u0104CLECIA&quot;\" width=\"990\" height=\"557\" src=\"https:\/\/www.youtube.com\/embed\/tCcVLoQbccI?feature=oembed\" frameborder=\"0\" allow=\"accelerometer; autoplay; clipboard-write; encrypted-media; gyroscope; picture-in-picture\" allowfullscreen><\/iframe>\n<\/div><figcaption class=\"wp-element-caption\"><br><\/figcaption><\/figure>\n\n\n\n<h4 class=\"has-text-align-left\">Zapraszamy do zapoznania si\u0119 z eksplikacj\u0105 widowiska.<\/h4>\n\n\n\n<p><strong>,,Civis Christi\u201d<\/strong> to historyczno-multimedialne Widowisko z tekstami i muzyk\u0105 Romana Ko\u0142akowskiego opowiadaj\u0105ca w formie czternastu pie\u015bni niezwyk\u0142\u0105 drog\u0119 kap\u0142a\u0144skiego \u017cycia i pracy Stefana Kardyna\u0142a Wyszy\u0144skiego i jego wsp\u00f3\u0142prac\u0119 dla dobra Ko\u015bcio\u0142a i Polski ze \u015awi\u0119tym Janem Paw\u0142em II. Chronologiczny uk\u0142ad kantaty pozwala widzowi pozna\u0107 fascynuj\u0105ce losy Prymasa Tysi\u0105clecia od dzieci\u0144stwa, poprzez lata szkolne i seminaryjne, s\u0142u\u017cb\u0119 kap\u0142a\u0144sk\u0105 w latach mi\u0119dzywojennych, dramat wojny i okupacji, a\u017c po sakr\u0119 biskupi\u0105 i godno\u015b\u0107 kardyna\u0142a, uwi\u0119zienie przez s\u0142u\u017cby komunistyczne, \u015aluby Jasnog\u00f3rskie, Sob\u00f3r Watyka\u0144ski II i legendarne \u201epolskie konklawe\u201d a\u017c do beatyfikacji\u2026 Pomi\u0119dzy pie\u015bniami aktorzy b\u0119d\u0105 prowadzi\u0107 narracj\u0119 opart\u0105 o listy i encykliki Prymasa, kt\u00f3ra uporz\u0105dkuje akcj\u0119 i pozwoli jeszcze lepiej pozna\u0107 \u017cyciorys Kardyna\u0142a Wyszy\u0144skiego.<\/p>\n\n\n\n<p>Wielk\u0105 metafor\u0105 Historii Polski, wa\u017cn\u0105 tak\u017ce w kontek\u015bcie Stulecia Niepodleg\u0142o\u015bci Rzeczypospolitej, jest ostatnia rozmowa telefoniczna umieraj\u0105cego Stefana Wyszy\u0144skiego z ci\u0119\u017cko rannym w zamachu Janem Paw\u0142em&nbsp; II.&nbsp;<\/p>\n\n\n\n<p>Widowiskiem ,,Civis Christi\u201d chcemy uczci\u0107 beatyfikacj\u0119 Prymasa Tysi\u0105clecia, na kt\u00f3r\u0105 wszyscy tak d\u0142ugo czekali\u015bmy. Jest to wa\u017cna posta\u0107 dla wielu Polak\u00f3w, kt\u00f3rzy mieli okazj\u0119 \u017cy\u0107 w czasach pos\u0142ugi tego wybitnego cz\u0142owieka, spotyka\u0107 si\u0119 z nim i by\u0107 \u015bwiadkami jego niezwyk\u0142ej drogi ku \u015bwi\u0119to\u015bci. Teraz r\u00f3wnie\u017c b\u0119d\u0105 si\u0119 mogli do niego modli\u0107, tak, jak do \u015bw. Jana Paw\u0142a II. Pragniemy r\u00f3wnie\u017c, aby dzi\u0119ki tej produkcji posta\u0107 Kardyna\u0142a sta\u0142a si\u0119 znana r\u00f3wnie\u017c dla m\u0142odego pokolenia.<\/p>\n\n\n\n<p>\u015awietna, wsp\u00f3\u0142graj\u0105ca z poetyckimi tekstami muzyka w aran\u017cacji Grzegorza Bukowskiego \u0142\u0105czy ze sob\u0105 brzmienie klasycznej orkiestry ze wsp\u00f3\u0142czesn\u0105 muzyk\u0105 elektroniczn\u0105. Teksty poetyckie pe\u0142ne s\u0105 bardzo aktualnych cytat\u00f3w z pism i homilii Ksi\u0119dza Prymasa Wyszy\u0144skiego. Narracja pozwoli widzowi w spos\u00f3b przyst\u0119pny pozna\u0107 \u017cyciorys Kardyna\u0142a Wyszy\u0144skiego. Specjalnie stworzone aran\u017cacje i autorski scenariusz dope\u0142ni\u0105 ca\u0142o\u015bci i pozwol\u0105 pe\u0142niej wyobrazi\u0107 sobie czasy oraz realia \u017cycia Prymasa. Szczeg\u00f3lnie wymowne teksty z czas\u00f3w wi\u0119zienia b\u0119d\u0105 mog\u0142y uzmys\u0142owi\u0107 odbiorcy fakt trudu pos\u0142ugi tego niezwyk\u0142ego Kap\u0142ana.&nbsp;<\/p>\n\n\n\n<p>,,Civis Christi\u201d to&nbsp; przede wszystkim znakomite interpretacje wokalne i aktorskie, tworz\u0105ce niezwyk\u0142e Misterium \u2013 przedstawiane przez Teatr Piosenki, a wi\u0119c Artyst\u00f3w, kt\u00f3rzy stworzyli przed pi\u0119cioma laty najwi\u0119ksze w historii polskiej kultury widowisko Inauguracji \u015awiatowych Dni M\u0142odzie\u017cy na B\u0142oniach w Krakowie, liczne religijne koncerty telewizyjne, m. in. Z okazji XVIII Dnia Papieskiego, z okazji Kanonizacji Ojca \u015awi\u0119tego, 100-lecia Niepodleg\u0142o\u015bci Polski. &nbsp;<\/p>\n\n\n\n<figure class=\"wp-block-image size-large\"><img decoding=\"async\" loading=\"lazy\" width=\"1024\" height=\"384\" src=\"http:\/\/oferty.teatr-piosenki.pl\/wp-content\/uploads\/2021\/02\/koncert-plakat-sl-1024x384.jpg\" alt=\"\" class=\"wp-image-108\" srcset=\"https:\/\/oferty.teatr-piosenki.pl\/wp-content\/uploads\/2021\/02\/koncert-plakat-sl-1024x384.jpg 1024w, https:\/\/oferty.teatr-piosenki.pl\/wp-content\/uploads\/2021\/02\/koncert-plakat-sl-300x113.jpg 300w, https:\/\/oferty.teatr-piosenki.pl\/wp-content\/uploads\/2021\/02\/koncert-plakat-sl-768x288.jpg 768w, https:\/\/oferty.teatr-piosenki.pl\/wp-content\/uploads\/2021\/02\/koncert-plakat-sl.jpg 1200w\" sizes=\"(max-width: 1024px) 100vw, 1024px\" \/><\/figure>\n\n\n\n<p>Teksty: <strong>Roman KO\u0141AKOWSKI\/ Leszek ZDU\u0143\/ Kard. WYSZY\u0143SKI (narracja)<\/strong><\/p>\n\n\n\n<p>Muzyka<strong>: Roman KO\u0141AKOWSKI<\/strong><\/p>\n\n\n\n<p>Re\u017cyseria<strong>: Agata KLIMCZAK- KO\u0141AKOWSKA, Leszek ZDU\u0143<\/strong><\/p>\n\n\n\n<p>Filmy:<strong> Krystian ANDRZEJEWSKI<\/strong><\/p>\n\n\n\n<p>Produkcja artystyczna: <strong>Fundacja im. Romana Ko\u0142akowskiego<\/strong><\/p>\n\n\n\n<p>Wyst\u0119puj\u0105: <strong>Agata Klimczak- Ko\u0142akowska, Natalia Skipor, Bart\u0142omiej Abramowicz, Mateusz Dwornik, Pawe\u0142 Lipnicki, Damian \u0141ukawski, Rados\u0142aw Pilarz, Leszek Zdu\u0144.<\/strong><\/p>\n\n\n\n<figure class=\"is-layout-flex wp-block-gallery-1 wp-block-gallery has-nested-images columns-default is-cropped\">\n<figure class=\"wp-block-image size-large\"><img decoding=\"async\" loading=\"lazy\" width=\"684\" height=\"1024\" data-id=\"180\"  src=\"https:\/\/oferty.teatr-piosenki.pl\/wp-content\/uploads\/2022\/04\/244409242_4462221853832017_7974981450045808168_n-684x1024.jpg\" alt=\"\" class=\"wp-image-180\" srcset=\"https:\/\/oferty.teatr-piosenki.pl\/wp-content\/uploads\/2022\/04\/244409242_4462221853832017_7974981450045808168_n-684x1024.jpg 684w, https:\/\/oferty.teatr-piosenki.pl\/wp-content\/uploads\/2022\/04\/244409242_4462221853832017_7974981450045808168_n-200x300.jpg 200w, https:\/\/oferty.teatr-piosenki.pl\/wp-content\/uploads\/2022\/04\/244409242_4462221853832017_7974981450045808168_n-768x1151.jpg 768w, https:\/\/oferty.teatr-piosenki.pl\/wp-content\/uploads\/2022\/04\/244409242_4462221853832017_7974981450045808168_n-1025x1536.jpg 1025w, https:\/\/oferty.teatr-piosenki.pl\/wp-content\/uploads\/2022\/04\/244409242_4462221853832017_7974981450045808168_n.jpg 1335w\" sizes=\"(max-width: 684px) 100vw, 684px\" \/><\/figure>\n\n\n\n<figure class=\"wp-block-image size-large\"><img decoding=\"async\" loading=\"lazy\" width=\"1024\" height=\"684\" data-id=\"179\"  src=\"https:\/\/oferty.teatr-piosenki.pl\/wp-content\/uploads\/2022\/04\/244360917_4462221237165412_5346746814270673400_n-1024x684.jpg\" alt=\"\" class=\"wp-image-179\" srcset=\"https:\/\/oferty.teatr-piosenki.pl\/wp-content\/uploads\/2022\/04\/244360917_4462221237165412_5346746814270673400_n-1024x684.jpg 1024w, https:\/\/oferty.teatr-piosenki.pl\/wp-content\/uploads\/2022\/04\/244360917_4462221237165412_5346746814270673400_n-300x200.jpg 300w, https:\/\/oferty.teatr-piosenki.pl\/wp-content\/uploads\/2022\/04\/244360917_4462221237165412_5346746814270673400_n-768x513.jpg 768w, https:\/\/oferty.teatr-piosenki.pl\/wp-content\/uploads\/2022\/04\/244360917_4462221237165412_5346746814270673400_n-1536x1025.jpg 1536w, https:\/\/oferty.teatr-piosenki.pl\/wp-content\/uploads\/2022\/04\/244360917_4462221237165412_5346746814270673400_n-666x444.jpg 666w, https:\/\/oferty.teatr-piosenki.pl\/wp-content\/uploads\/2022\/04\/244360917_4462221237165412_5346746814270673400_n.jpg 2000w\" sizes=\"(max-width: 1024px) 100vw, 1024px\" \/><\/figure>\n\n\n\n<figure class=\"wp-block-image size-large\"><img decoding=\"async\" loading=\"lazy\" width=\"1024\" height=\"686\" data-id=\"178\"  src=\"https:\/\/oferty.teatr-piosenki.pl\/wp-content\/uploads\/2022\/04\/243787138_4462222083831994_2822577108171154382_n-1024x686.jpg\" alt=\"\" class=\"wp-image-178\" srcset=\"https:\/\/oferty.teatr-piosenki.pl\/wp-content\/uploads\/2022\/04\/243787138_4462222083831994_2822577108171154382_n-1024x686.jpg 1024w, https:\/\/oferty.teatr-piosenki.pl\/wp-content\/uploads\/2022\/04\/243787138_4462222083831994_2822577108171154382_n-300x201.jpg 300w, https:\/\/oferty.teatr-piosenki.pl\/wp-content\/uploads\/2022\/04\/243787138_4462222083831994_2822577108171154382_n-768x514.jpg 768w, https:\/\/oferty.teatr-piosenki.pl\/wp-content\/uploads\/2022\/04\/243787138_4462222083831994_2822577108171154382_n-1536x1028.jpg 1536w, https:\/\/oferty.teatr-piosenki.pl\/wp-content\/uploads\/2022\/04\/243787138_4462222083831994_2822577108171154382_n.jpg 2000w\" sizes=\"(max-width: 1024px) 100vw, 1024px\" \/><\/figure>\n\n\n\n<figure class=\"wp-block-image size-large\"><img decoding=\"async\" loading=\"lazy\" width=\"1024\" height=\"684\" data-id=\"177\"  src=\"https:\/\/oferty.teatr-piosenki.pl\/wp-content\/uploads\/2022\/04\/243774931_4462220893832113_2725454522137657823_n-1024x684.jpg\" alt=\"\" class=\"wp-image-177\" srcset=\"https:\/\/oferty.teatr-piosenki.pl\/wp-content\/uploads\/2022\/04\/243774931_4462220893832113_2725454522137657823_n-1024x684.jpg 1024w, https:\/\/oferty.teatr-piosenki.pl\/wp-content\/uploads\/2022\/04\/243774931_4462220893832113_2725454522137657823_n-300x200.jpg 300w, https:\/\/oferty.teatr-piosenki.pl\/wp-content\/uploads\/2022\/04\/243774931_4462220893832113_2725454522137657823_n-768x513.jpg 768w, https:\/\/oferty.teatr-piosenki.pl\/wp-content\/uploads\/2022\/04\/243774931_4462220893832113_2725454522137657823_n-1536x1025.jpg 1536w, https:\/\/oferty.teatr-piosenki.pl\/wp-content\/uploads\/2022\/04\/243774931_4462220893832113_2725454522137657823_n-666x444.jpg 666w, https:\/\/oferty.teatr-piosenki.pl\/wp-content\/uploads\/2022\/04\/243774931_4462220893832113_2725454522137657823_n.jpg 2000w\" sizes=\"(max-width: 1024px) 100vw, 1024px\" \/><\/figure>\n\n\n\n<figure class=\"wp-block-image size-large\"><img decoding=\"async\" loading=\"lazy\" width=\"1024\" height=\"684\" data-id=\"176\"  src=\"https:\/\/oferty.teatr-piosenki.pl\/wp-content\/uploads\/2022\/04\/243730283_4462221377165398_3801767786695099214_n-1024x684.jpg\" alt=\"\" class=\"wp-image-176\" srcset=\"https:\/\/oferty.teatr-piosenki.pl\/wp-content\/uploads\/2022\/04\/243730283_4462221377165398_3801767786695099214_n-1024x684.jpg 1024w, https:\/\/oferty.teatr-piosenki.pl\/wp-content\/uploads\/2022\/04\/243730283_4462221377165398_3801767786695099214_n-300x200.jpg 300w, https:\/\/oferty.teatr-piosenki.pl\/wp-content\/uploads\/2022\/04\/243730283_4462221377165398_3801767786695099214_n-768x513.jpg 768w, https:\/\/oferty.teatr-piosenki.pl\/wp-content\/uploads\/2022\/04\/243730283_4462221377165398_3801767786695099214_n-1536x1025.jpg 1536w, https:\/\/oferty.teatr-piosenki.pl\/wp-content\/uploads\/2022\/04\/243730283_4462221377165398_3801767786695099214_n-666x444.jpg 666w, https:\/\/oferty.teatr-piosenki.pl\/wp-content\/uploads\/2022\/04\/243730283_4462221377165398_3801767786695099214_n.jpg 2000w\" sizes=\"(max-width: 1024px) 100vw, 1024px\" \/><\/figure>\n\n\n\n<figure class=\"wp-block-image size-large\"><img decoding=\"async\" loading=\"lazy\" width=\"1024\" height=\"684\" data-id=\"175\"  src=\"https:\/\/oferty.teatr-piosenki.pl\/wp-content\/uploads\/2022\/04\/243714813_4462220730498796_607580608514715129_n-1024x684.jpg\" alt=\"\" class=\"wp-image-175\" srcset=\"https:\/\/oferty.teatr-piosenki.pl\/wp-content\/uploads\/2022\/04\/243714813_4462220730498796_607580608514715129_n-1024x684.jpg 1024w, https:\/\/oferty.teatr-piosenki.pl\/wp-content\/uploads\/2022\/04\/243714813_4462220730498796_607580608514715129_n-300x200.jpg 300w, https:\/\/oferty.teatr-piosenki.pl\/wp-content\/uploads\/2022\/04\/243714813_4462220730498796_607580608514715129_n-768x513.jpg 768w, https:\/\/oferty.teatr-piosenki.pl\/wp-content\/uploads\/2022\/04\/243714813_4462220730498796_607580608514715129_n-1536x1025.jpg 1536w, https:\/\/oferty.teatr-piosenki.pl\/wp-content\/uploads\/2022\/04\/243714813_4462220730498796_607580608514715129_n-666x444.jpg 666w, https:\/\/oferty.teatr-piosenki.pl\/wp-content\/uploads\/2022\/04\/243714813_4462220730498796_607580608514715129_n.jpg 2000w\" sizes=\"(max-width: 1024px) 100vw, 1024px\" \/><\/figure>\n<\/figure>\n","protected":false},"excerpt":{"rendered":"<p>\u201eCivis Christi\u2026\u201d jest opowie\u015bci\u0105 o \u017cyciu i kap\u0142a\u0144skiej pos\u0142udze&nbsp;Kardyna\u0142a Stefana Wyszy\u0144skiego&nbsp;\u2013 \u201eWielkiego Inter Rexa Rzeczypospolitej\u201d \u2013 od chwili narodzin, dzieci\u0144stwa, &hellip; <span class=\"more-button\"><a href=\"https:\/\/oferty.teatr-piosenki.pl\/index.php\/civis-christi\/\" class=\"more-link\">Czytaj dalej<span class=\"screen-reader-text\">CIVIS CHRISTI<\/span><\/a><\/span><\/p>\n","protected":false},"author":1,"featured_media":176,"parent":0,"menu_order":0,"comment_status":"closed","ping_status":"closed","template":"","meta":[],"_links":{"self":[{"href":"https:\/\/oferty.teatr-piosenki.pl\/index.php\/wp-json\/wp\/v2\/pages\/106"}],"collection":[{"href":"https:\/\/oferty.teatr-piosenki.pl\/index.php\/wp-json\/wp\/v2\/pages"}],"about":[{"href":"https:\/\/oferty.teatr-piosenki.pl\/index.php\/wp-json\/wp\/v2\/types\/page"}],"author":[{"embeddable":true,"href":"https:\/\/oferty.teatr-piosenki.pl\/index.php\/wp-json\/wp\/v2\/users\/1"}],"replies":[{"embeddable":true,"href":"https:\/\/oferty.teatr-piosenki.pl\/index.php\/wp-json\/wp\/v2\/comments?post=106"}],"version-history":[{"count":9,"href":"https:\/\/oferty.teatr-piosenki.pl\/index.php\/wp-json\/wp\/v2\/pages\/106\/revisions"}],"predecessor-version":[{"id":371,"href":"https:\/\/oferty.teatr-piosenki.pl\/index.php\/wp-json\/wp\/v2\/pages\/106\/revisions\/371"}],"wp:featuredmedia":[{"embeddable":true,"href":"https:\/\/oferty.teatr-piosenki.pl\/index.php\/wp-json\/wp\/v2\/media\/176"}],"wp:attachment":[{"href":"https:\/\/oferty.teatr-piosenki.pl\/index.php\/wp-json\/wp\/v2\/media?parent=106"}],"curies":[{"name":"wp","href":"https:\/\/api.w.org\/{rel}","templated":true}]}}