{"id":2,"date":"2020-05-06T18:16:11","date_gmt":"2020-05-06T16:16:11","guid":{"rendered":"http:\/\/oferty.teatr-piosenki.pl\/?page_id=2"},"modified":"2022-05-30T12:04:38","modified_gmt":"2022-05-30T10:04:38","slug":"o-nas","status":"publish","type":"page","link":"https:\/\/oferty.teatr-piosenki.pl\/index.php\/o-nas\/","title":{"rendered":"O NAS"},"content":{"rendered":"\n<p class=\"has-text-color has-black-color\"><span class=\"has-inline-color has-gray-color\"><strong>TEATR PIOSENKI<\/strong>&nbsp;to stworzony przez&nbsp;<strong>Romana Ko\u0142akowskiego<\/strong>&nbsp;projekt artystyczny realizuj\u0105cy poetycko-muzyczne koncerty, spektakle i widowiska.<\/span><\/p>\n\n\n\n<p class=\"has-text-color has-black-color\"><span class=\"has-inline-color has-gray-color\">Wsp\u00f3\u0142tworz\u0105 go wybitni polscy aktorzy, wokali\u015bci i muzycy specjalnie zapraszani do wsp\u00f3\u0142tworzenia konkretnych projekt\u00f3w \u2013 od wielkich widowisk plenerowych, poprzez muzyczne spektakle teatralne, a\u017c po recitale poetyckie&nbsp;przedstawienia dla dzieci i wydarzenia specjalne.<\/span><\/p>\n\n\n\n<p class=\"has-text-color has-black-color\"><span class=\"has-inline-color has-gray-color\">Od 2015 r.&nbsp;do 2019 r. <strong>Teatr Piosenki<\/strong>&nbsp;dzia\u0142a\u0142 jako niezale\u017cna firma produkcyjna&nbsp;<strong>Agaty Klimczak i Romana Ko\u0142akowskiego<\/strong>, realizuj\u0105ca projekty w ca\u0142ej Polsce.&nbsp;Od 2019 roku, po odej\u015bciu tw\u00f3rcy i za\u0142o\u017cyciela Teatru, wszystkie projekty realizowane pod czujnym okiem <strong>Agaty Klimczak-Ko\u0142akowskiej<\/strong>.<\/span><\/p>\n","protected":false},"excerpt":{"rendered":"<p>TEATR PIOSENKI&nbsp;to stworzony przez&nbsp;Romana Ko\u0142akowskiego&nbsp;projekt artystyczny realizuj\u0105cy poetycko-muzyczne koncerty, spektakle i widowiska. Wsp\u00f3\u0142tworz\u0105 go wybitni polscy aktorzy, wokali\u015bci i muzycy &hellip; <span class=\"more-button\"><a href=\"https:\/\/oferty.teatr-piosenki.pl\/index.php\/o-nas\/\" class=\"more-link\">Czytaj dalej<span class=\"screen-reader-text\">O NAS<\/span><\/a><\/span><\/p>\n","protected":false},"author":1,"featured_media":21,"parent":0,"menu_order":0,"comment_status":"closed","ping_status":"open","template":"","meta":[],"_links":{"self":[{"href":"https:\/\/oferty.teatr-piosenki.pl\/index.php\/wp-json\/wp\/v2\/pages\/2"}],"collection":[{"href":"https:\/\/oferty.teatr-piosenki.pl\/index.php\/wp-json\/wp\/v2\/pages"}],"about":[{"href":"https:\/\/oferty.teatr-piosenki.pl\/index.php\/wp-json\/wp\/v2\/types\/page"}],"author":[{"embeddable":true,"href":"https:\/\/oferty.teatr-piosenki.pl\/index.php\/wp-json\/wp\/v2\/users\/1"}],"replies":[{"embeddable":true,"href":"https:\/\/oferty.teatr-piosenki.pl\/index.php\/wp-json\/wp\/v2\/comments?post=2"}],"version-history":[{"count":5,"href":"https:\/\/oferty.teatr-piosenki.pl\/index.php\/wp-json\/wp\/v2\/pages\/2\/revisions"}],"predecessor-version":[{"id":374,"href":"https:\/\/oferty.teatr-piosenki.pl\/index.php\/wp-json\/wp\/v2\/pages\/2\/revisions\/374"}],"wp:featuredmedia":[{"embeddable":true,"href":"https:\/\/oferty.teatr-piosenki.pl\/index.php\/wp-json\/wp\/v2\/media\/21"}],"wp:attachment":[{"href":"https:\/\/oferty.teatr-piosenki.pl\/index.php\/wp-json\/wp\/v2\/media?parent=2"}],"curies":[{"name":"wp","href":"https:\/\/api.w.org\/{rel}","templated":true}]}}