{"id":25,"date":"2020-05-06T18:46:12","date_gmt":"2020-05-06T16:46:12","guid":{"rendered":"http:\/\/oferty.teatr-piosenki.pl\/?page_id=25"},"modified":"2024-10-24T09:31:22","modified_gmt":"2024-10-24T07:31:22","slug":"spektakle","status":"publish","type":"page","link":"https:\/\/oferty.teatr-piosenki.pl\/index.php\/spektakle\/","title":{"rendered":"SPEKTAKLE"},"content":{"rendered":"\n<figure class=\"wp-block-embed is-type-wp-embed is-provider-oferta-teatr-piosenki wp-block-embed-oferta-teatr-piosenki\"><div class=\"wp-block-embed__wrapper\">\n<blockquote class=\"wp-embedded-content\" data-secret=\"NVX24hM7F1\"><a href=\"https:\/\/oferty.teatr-piosenki.pl\/index.php\/kaplan-niezlomny\/\">Kap\u0142an niez\u0142omny<\/a><\/blockquote><iframe class=\"wp-embedded-content\" sandbox=\"allow-scripts\" security=\"restricted\" style=\"position: absolute; clip: rect(1px, 1px, 1px, 1px);\" title=\"&#8222;Kap\u0142an niez\u0142omny&#8221; &#8212; OFERTA - TEATR PIOSENKI\" src=\"https:\/\/oferty.teatr-piosenki.pl\/index.php\/kaplan-niezlomny\/embed\/#?secret=P23WACy0X9#?secret=NVX24hM7F1\" data-secret=\"NVX24hM7F1\" width=\"600\" height=\"338\" frameborder=\"0\" marginwidth=\"0\" marginheight=\"0\" scrolling=\"no\"><\/iframe>\n<\/div><\/figure>\n\n\n\n<figure class=\"wp-block-embed is-type-wp-embed is-provider-oferta-teatr-piosenki wp-block-embed-oferta-teatr-piosenki\"><div class=\"wp-block-embed__wrapper\">\n<blockquote class=\"wp-embedded-content\" data-secret=\"BbrdQ3Q0Ch\"><a href=\"https:\/\/oferty.teatr-piosenki.pl\/index.php\/podroz-recital-piosenek-podroznych\/\">PODR\u00d3\u017b &#8211; Recital piosenek podr\u00f3\u017cnych<\/a><\/blockquote><iframe class=\"wp-embedded-content\" sandbox=\"allow-scripts\" security=\"restricted\" style=\"position: absolute; clip: rect(1px, 1px, 1px, 1px);\" title=\"&#8222;PODR\u00d3\u017b &#8211; Recital piosenek podr\u00f3\u017cnych&#8221; &#8212; OFERTA - TEATR PIOSENKI\" src=\"https:\/\/oferty.teatr-piosenki.pl\/index.php\/podroz-recital-piosenek-podroznych\/embed\/#?secret=8DeaC1uEFO#?secret=BbrdQ3Q0Ch\" data-secret=\"BbrdQ3Q0Ch\" width=\"600\" height=\"338\" frameborder=\"0\" marginwidth=\"0\" marginheight=\"0\" scrolling=\"no\"><\/iframe>\n<\/div><\/figure>\n\n\n\n<figure class=\"wp-block-embed is-type-wp-embed is-provider-oferta-teatr-piosenki wp-block-embed-oferta-teatr-piosenki\"><div class=\"wp-block-embed__wrapper\">\n<blockquote class=\"wp-embedded-content\" data-secret=\"yPVamrD4UV\"><a href=\"https:\/\/oferty.teatr-piosenki.pl\/index.php\/dzwonna-koleda\/\">DZWONNA KOL\u0118DA<\/a><\/blockquote><iframe class=\"wp-embedded-content\" sandbox=\"allow-scripts\" security=\"restricted\" style=\"position: absolute; clip: rect(1px, 1px, 1px, 1px);\" title=\"&#8222;DZWONNA KOL\u0118DA&#8221; &#8212; OFERTA - TEATR PIOSENKI\" src=\"https:\/\/oferty.teatr-piosenki.pl\/index.php\/dzwonna-koleda\/embed\/#?secret=ReDoTcxREG#?secret=yPVamrD4UV\" data-secret=\"yPVamrD4UV\" width=\"600\" height=\"338\" frameborder=\"0\" marginwidth=\"0\" marginheight=\"0\" scrolling=\"no\"><\/iframe>\n<\/div><\/figure>\n\n\n\n<figure class=\"wp-block-embed is-type-wp-embed is-provider-oferta-teatr-piosenki wp-block-embed-oferta-teatr-piosenki\"><div class=\"wp-block-embed__wrapper\">\n<blockquote class=\"wp-embedded-content\" data-secret=\"aQgyIUwrbV\"><a href=\"https:\/\/oferty.teatr-piosenki.pl\/index.php\/ksiega-tesknoty\/\">KSI\u0118GA T\u0118SKNOTY<\/a><\/blockquote><iframe class=\"wp-embedded-content\" sandbox=\"allow-scripts\" security=\"restricted\" style=\"position: absolute; clip: rect(1px, 1px, 1px, 1px);\" title=\"&#8222;KSI\u0118GA T\u0118SKNOTY&#8221; &#8212; OFERTA - TEATR PIOSENKI\" src=\"https:\/\/oferty.teatr-piosenki.pl\/index.php\/ksiega-tesknoty\/embed\/#?secret=SABoYFaPVB#?secret=aQgyIUwrbV\" data-secret=\"aQgyIUwrbV\" width=\"600\" height=\"338\" frameborder=\"0\" marginwidth=\"0\" marginheight=\"0\" scrolling=\"no\"><\/iframe>\n<\/div><\/figure>\n\n\n\n<figure class=\"wp-block-embed is-type-wp-embed is-provider-oferta-teatr-piosenki wp-block-embed-oferta-teatr-piosenki\"><div class=\"wp-block-embed__wrapper\">\n<blockquote class=\"wp-embedded-content\" data-secret=\"sd8Bw1hVkr\"><a href=\"https:\/\/oferty.teatr-piosenki.pl\/index.php\/civis-christi\/\">CIVIS CHRISTI<\/a><\/blockquote><iframe class=\"wp-embedded-content\" sandbox=\"allow-scripts\" security=\"restricted\" style=\"position: absolute; clip: rect(1px, 1px, 1px, 1px);\" title=\"&#8222;CIVIS CHRISTI&#8221; &#8212; OFERTA - TEATR PIOSENKI\" src=\"https:\/\/oferty.teatr-piosenki.pl\/index.php\/civis-christi\/embed\/#?secret=rk4lHL2ZRr#?secret=sd8Bw1hVkr\" data-secret=\"sd8Bw1hVkr\" width=\"600\" height=\"338\" frameborder=\"0\" marginwidth=\"0\" marginheight=\"0\" scrolling=\"no\"><\/iframe>\n<\/div><\/figure>\n\n\n\n<div class=\"is-layout-flow wp-block-group\"><div class=\"wp-block-group__inner-container\">\n<figure class=\"wp-block-embed is-type-wp-embed is-provider-oferta-teatr-piosenki wp-block-embed-oferta-teatr-piosenki\"><div class=\"wp-block-embed__wrapper\">\n<blockquote class=\"wp-embedded-content\" data-secret=\"7GQqrnY2LH\"><a href=\"https:\/\/oferty.teatr-piosenki.pl\/index.php\/moje-serce-zostalo-we-lwowie\/\">MOJE SERCE ZOSTA\u0141O WE LWOWIE<\/a><\/blockquote><iframe class=\"wp-embedded-content\" sandbox=\"allow-scripts\" security=\"restricted\" style=\"position: absolute; clip: rect(1px, 1px, 1px, 1px);\" title=\"&#8222;MOJE SERCE ZOSTA\u0141O WE LWOWIE&#8221; &#8212; OFERTA - TEATR PIOSENKI\" src=\"https:\/\/oferty.teatr-piosenki.pl\/index.php\/moje-serce-zostalo-we-lwowie\/embed\/#?secret=rrayfPXXDM#?secret=7GQqrnY2LH\" data-secret=\"7GQqrnY2LH\" width=\"600\" height=\"338\" frameborder=\"0\" marginwidth=\"0\" marginheight=\"0\" scrolling=\"no\"><\/iframe>\n<\/div><\/figure>\n<\/div><\/div>\n\n\n\n<figure class=\"wp-block-embed is-type-wp-embed is-provider-oferta-teatr-piosenki wp-block-embed-oferta-teatr-piosenki\"><div class=\"wp-block-embed__wrapper\">\n<blockquote class=\"wp-embedded-content\" data-secret=\"8N1zxXm54G\"><a href=\"https:\/\/oferty.teatr-piosenki.pl\/index.php\/kolejka-po-wolnosc\/\">KOLEJKA PO WOLNO\u015a\u0106<\/a><\/blockquote><iframe class=\"wp-embedded-content\" sandbox=\"allow-scripts\" security=\"restricted\" style=\"position: absolute; clip: rect(1px, 1px, 1px, 1px);\" title=\"&#8222;KOLEJKA PO WOLNO\u015a\u0106&#8221; &#8212; OFERTA - TEATR PIOSENKI\" src=\"https:\/\/oferty.teatr-piosenki.pl\/index.php\/kolejka-po-wolnosc\/embed\/#?secret=Ezz1JDPWSg#?secret=8N1zxXm54G\" data-secret=\"8N1zxXm54G\" width=\"600\" height=\"338\" frameborder=\"0\" marginwidth=\"0\" marginheight=\"0\" scrolling=\"no\"><\/iframe>\n<\/div><\/figure>\n\n\n\n<figure class=\"wp-block-embed is-type-wp-embed is-provider-oferta-teatr-piosenki wp-block-embed-oferta-teatr-piosenki\"><div class=\"wp-block-embed__wrapper\">\n<blockquote class=\"wp-embedded-content\" data-secret=\"v4cSCSD6qJ\"><a href=\"https:\/\/oferty.teatr-piosenki.pl\/index.php\/na-rogu-swiata-i-nieskonczonosci\/\">NA ROGU \u015aWIATA I NIESKO\u0143CZONO\u015aCI<\/a><\/blockquote><iframe class=\"wp-embedded-content\" sandbox=\"allow-scripts\" security=\"restricted\" style=\"position: absolute; clip: rect(1px, 1px, 1px, 1px);\" title=\"&#8222;NA ROGU \u015aWIATA I NIESKO\u0143CZONO\u015aCI&#8221; &#8212; OFERTA - TEATR PIOSENKI\" src=\"https:\/\/oferty.teatr-piosenki.pl\/index.php\/na-rogu-swiata-i-nieskonczonosci\/embed\/#?secret=LcNs3DU1BP#?secret=v4cSCSD6qJ\" data-secret=\"v4cSCSD6qJ\" width=\"600\" height=\"338\" frameborder=\"0\" marginwidth=\"0\" marginheight=\"0\" scrolling=\"no\"><\/iframe>\n<\/div><\/figure>\n\n\n\n<figure class=\"wp-block-embed is-type-wp-embed is-provider-oferta-teatr-piosenki wp-block-embed-oferta-teatr-piosenki\"><div class=\"wp-block-embed__wrapper\">\n<blockquote class=\"wp-embedded-content\" data-secret=\"lBcpeh4Dfw\"><a href=\"https:\/\/oferty.teatr-piosenki.pl\/index.php\/imiona-wolnosci-2-0\/\">IMIONA WOLNO\u015aCI 2.0<\/a><\/blockquote><iframe class=\"wp-embedded-content\" sandbox=\"allow-scripts\" security=\"restricted\" style=\"position: absolute; clip: rect(1px, 1px, 1px, 1px);\" title=\"&#8222;IMIONA WOLNO\u015aCI 2.0&#8221; &#8212; OFERTA - TEATR PIOSENKI\" src=\"https:\/\/oferty.teatr-piosenki.pl\/index.php\/imiona-wolnosci-2-0\/embed\/#?secret=BJoCxsnS8H#?secret=lBcpeh4Dfw\" data-secret=\"lBcpeh4Dfw\" width=\"600\" height=\"338\" frameborder=\"0\" marginwidth=\"0\" marginheight=\"0\" scrolling=\"no\"><\/iframe>\n<\/div><\/figure>\n\n\n\n<figure class=\"wp-block-embed is-type-wp-embed is-provider-oferta-teatr-piosenki wp-block-embed-oferta-teatr-piosenki\"><div class=\"wp-block-embed__wrapper\">\n<blockquote class=\"wp-embedded-content\" data-secret=\"MvpOrrF7Od\"><a href=\"https:\/\/oferty.teatr-piosenki.pl\/index.php\/opera-matematyczna\/\">OPERA MATEMATYCZNA<\/a><\/blockquote><iframe class=\"wp-embedded-content\" sandbox=\"allow-scripts\" security=\"restricted\" style=\"position: absolute; clip: rect(1px, 1px, 1px, 1px);\" title=\"&#8222;OPERA MATEMATYCZNA&#8221; &#8212; OFERTA - TEATR PIOSENKI\" src=\"https:\/\/oferty.teatr-piosenki.pl\/index.php\/opera-matematyczna\/embed\/#?secret=a4KSqyyMZO#?secret=MvpOrrF7Od\" data-secret=\"MvpOrrF7Od\" width=\"600\" height=\"338\" frameborder=\"0\" marginwidth=\"0\" marginheight=\"0\" scrolling=\"no\"><\/iframe>\n<\/div><\/figure>\n\n\n\n<figure class=\"wp-block-embed is-type-wp-embed is-provider-oferta-teatr-piosenki wp-block-embed-oferta-teatr-piosenki\"><div class=\"wp-block-embed__wrapper\">\n<blockquote class=\"wp-embedded-content\" data-secret=\"PsooGPQIba\"><a href=\"https:\/\/oferty.teatr-piosenki.pl\/index.php\/wedrowny-blask\/\">W\u0118DROWNY BLASK<\/a><\/blockquote><iframe class=\"wp-embedded-content\" sandbox=\"allow-scripts\" security=\"restricted\" style=\"position: absolute; clip: rect(1px, 1px, 1px, 1px);\" title=\"&#8222;W\u0118DROWNY BLASK&#8221; &#8212; OFERTA - TEATR PIOSENKI\" src=\"https:\/\/oferty.teatr-piosenki.pl\/index.php\/wedrowny-blask\/embed\/#?secret=JhunAJJvAv#?secret=PsooGPQIba\" data-secret=\"PsooGPQIba\" width=\"600\" height=\"338\" frameborder=\"0\" marginwidth=\"0\" marginheight=\"0\" scrolling=\"no\"><\/iframe>\n<\/div><\/figure>\n\n\n\n<figure class=\"wp-block-embed is-type-wp-embed is-provider-oferta-teatr-piosenki wp-block-embed-oferta-teatr-piosenki\"><div class=\"wp-block-embed__wrapper\">\n<blockquote class=\"wp-embedded-content\" data-secret=\"Spo1fHqZI6\"><a href=\"https:\/\/oferty.teatr-piosenki.pl\/index.php\/sen-o-lwowie\/\">SEN O LWOWIE<\/a><\/blockquote><iframe class=\"wp-embedded-content\" sandbox=\"allow-scripts\" security=\"restricted\" style=\"position: absolute; clip: rect(1px, 1px, 1px, 1px);\" title=\"&#8222;SEN O LWOWIE&#8221; &#8212; OFERTA - TEATR PIOSENKI\" src=\"https:\/\/oferty.teatr-piosenki.pl\/index.php\/sen-o-lwowie\/embed\/#?secret=RzHVh9B3O1#?secret=Spo1fHqZI6\" data-secret=\"Spo1fHqZI6\" width=\"600\" height=\"338\" frameborder=\"0\" marginwidth=\"0\" marginheight=\"0\" scrolling=\"no\"><\/iframe>\n<\/div><\/figure>\n","protected":false},"excerpt":{"rendered":"","protected":false},"author":1,"featured_media":45,"parent":0,"menu_order":0,"comment_status":"closed","ping_status":"closed","template":"","meta":[],"_links":{"self":[{"href":"https:\/\/oferty.teatr-piosenki.pl\/index.php\/wp-json\/wp\/v2\/pages\/25"}],"collection":[{"href":"https:\/\/oferty.teatr-piosenki.pl\/index.php\/wp-json\/wp\/v2\/pages"}],"about":[{"href":"https:\/\/oferty.teatr-piosenki.pl\/index.php\/wp-json\/wp\/v2\/types\/page"}],"author":[{"embeddable":true,"href":"https:\/\/oferty.teatr-piosenki.pl\/index.php\/wp-json\/wp\/v2\/users\/1"}],"replies":[{"embeddable":true,"href":"https:\/\/oferty.teatr-piosenki.pl\/index.php\/wp-json\/wp\/v2\/comments?post=25"}],"version-history":[{"count":17,"href":"https:\/\/oferty.teatr-piosenki.pl\/index.php\/wp-json\/wp\/v2\/pages\/25\/revisions"}],"predecessor-version":[{"id":335,"href":"https:\/\/oferty.teatr-piosenki.pl\/index.php\/wp-json\/wp\/v2\/pages\/25\/revisions\/335"}],"wp:featuredmedia":[{"embeddable":true,"href":"https:\/\/oferty.teatr-piosenki.pl\/index.php\/wp-json\/wp\/v2\/media\/45"}],"wp:attachment":[{"href":"https:\/\/oferty.teatr-piosenki.pl\/index.php\/wp-json\/wp\/v2\/media?parent=25"}],"curies":[{"name":"wp","href":"https:\/\/api.w.org\/{rel}","templated":true}]}}