{"id":58,"date":"2021-02-13T11:17:40","date_gmt":"2021-02-13T10:17:40","guid":{"rendered":"http:\/\/oferty.teatr-piosenki.pl\/?page_id=58"},"modified":"2026-01-09T11:41:23","modified_gmt":"2026-01-09T10:41:23","slug":"imiona-wolnosci-2-0","status":"publish","type":"page","link":"https:\/\/oferty.teatr-piosenki.pl\/index.php\/imiona-wolnosci-2-0\/","title":{"rendered":"IMIONA WOLNO\u015aCI 2.0"},"content":{"rendered":"\n<p>Po ogromnym sukcesie wyj\u0105tkowego widowiska &#8211; &#8222;Imiona Wolno\u015bci&#8221; &#8211; kt\u00f3re te\u017c okaza\u0142o si\u0119&nbsp;ostatnim, wielkim dzie\u0142em Romana Ko\u0142akowskiego, postanowili\u015bmy, kontynuuj\u0105c prac\u0119 Mistrza, podtrzyma\u0107 przekaz tego niepowtarzalnego dzie\u0142a. &#8222;Imiona Wolno\u015bci&#8221; by\u0142y widowiskiem przygotowanym z okazji 100. rocznicy odzyskania przez Polsk\u0119 niepodleg\u0142o\u015bci, przypominamy Polek i Polak\u00f3w walcz\u0105cych o woln\u0105 Ojczyzn\u0119. <\/p>\n\n\n\n<figure class=\"is-layout-flex wp-block-gallery-1 wp-block-gallery has-nested-images columns-default is-cropped\">\n<figure class=\"wp-block-image size-large\"><img decoding=\"async\" loading=\"lazy\" width=\"1024\" height=\"683\" data-id=\"61\"  src=\"https:\/\/oferty.teatr-piosenki.pl\/wp-content\/uploads\/2021\/02\/22A1167-1024x683.jpg\" alt=\"\" class=\"wp-image-61\" srcset=\"https:\/\/oferty.teatr-piosenki.pl\/wp-content\/uploads\/2021\/02\/22A1167-1024x683.jpg 1024w, https:\/\/oferty.teatr-piosenki.pl\/wp-content\/uploads\/2021\/02\/22A1167-300x200.jpg 300w, https:\/\/oferty.teatr-piosenki.pl\/wp-content\/uploads\/2021\/02\/22A1167-768x512.jpg 768w, https:\/\/oferty.teatr-piosenki.pl\/wp-content\/uploads\/2021\/02\/22A1167-666x444.jpg 666w, https:\/\/oferty.teatr-piosenki.pl\/wp-content\/uploads\/2021\/02\/22A1167.jpg 1500w\" sizes=\"(max-width: 1024px) 100vw, 1024px\" \/><\/figure>\n\n\n\n<figure class=\"wp-block-image size-large\"><img decoding=\"async\" loading=\"lazy\" width=\"1024\" height=\"683\" data-id=\"62\"  src=\"https:\/\/oferty.teatr-piosenki.pl\/wp-content\/uploads\/2021\/02\/22A1762-1024x683.jpg\" alt=\"\" class=\"wp-image-62\" srcset=\"https:\/\/oferty.teatr-piosenki.pl\/wp-content\/uploads\/2021\/02\/22A1762-1024x683.jpg 1024w, https:\/\/oferty.teatr-piosenki.pl\/wp-content\/uploads\/2021\/02\/22A1762-300x200.jpg 300w, https:\/\/oferty.teatr-piosenki.pl\/wp-content\/uploads\/2021\/02\/22A1762-768x512.jpg 768w, https:\/\/oferty.teatr-piosenki.pl\/wp-content\/uploads\/2021\/02\/22A1762-666x444.jpg 666w, https:\/\/oferty.teatr-piosenki.pl\/wp-content\/uploads\/2021\/02\/22A1762.jpg 1500w\" sizes=\"(max-width: 1024px) 100vw, 1024px\" \/><\/figure>\n\n\n\n<figure class=\"wp-block-image size-large\"><img decoding=\"async\" loading=\"lazy\" width=\"1024\" height=\"683\" data-id=\"63\"  src=\"https:\/\/oferty.teatr-piosenki.pl\/wp-content\/uploads\/2021\/02\/22A1750-1024x683.jpg\" alt=\"\" class=\"wp-image-63\" srcset=\"https:\/\/oferty.teatr-piosenki.pl\/wp-content\/uploads\/2021\/02\/22A1750-1024x683.jpg 1024w, https:\/\/oferty.teatr-piosenki.pl\/wp-content\/uploads\/2021\/02\/22A1750-300x200.jpg 300w, https:\/\/oferty.teatr-piosenki.pl\/wp-content\/uploads\/2021\/02\/22A1750-768x512.jpg 768w, https:\/\/oferty.teatr-piosenki.pl\/wp-content\/uploads\/2021\/02\/22A1750-666x444.jpg 666w, https:\/\/oferty.teatr-piosenki.pl\/wp-content\/uploads\/2021\/02\/22A1750.jpg 1500w\" sizes=\"(max-width: 1024px) 100vw, 1024px\" \/><\/figure>\n\n\n\n<figure class=\"wp-block-image size-large\"><img decoding=\"async\" loading=\"lazy\" width=\"1024\" height=\"683\" data-id=\"64\"  src=\"https:\/\/oferty.teatr-piosenki.pl\/wp-content\/uploads\/2021\/02\/22A0019-1024x683.jpg\" alt=\"\" class=\"wp-image-64\" srcset=\"https:\/\/oferty.teatr-piosenki.pl\/wp-content\/uploads\/2021\/02\/22A0019-1024x683.jpg 1024w, https:\/\/oferty.teatr-piosenki.pl\/wp-content\/uploads\/2021\/02\/22A0019-300x200.jpg 300w, https:\/\/oferty.teatr-piosenki.pl\/wp-content\/uploads\/2021\/02\/22A0019-768x512.jpg 768w, https:\/\/oferty.teatr-piosenki.pl\/wp-content\/uploads\/2021\/02\/22A0019-666x444.jpg 666w, https:\/\/oferty.teatr-piosenki.pl\/wp-content\/uploads\/2021\/02\/22A0019.jpg 1500w\" sizes=\"(max-width: 1024px) 100vw, 1024px\" \/><\/figure>\n\n\n\n<figure class=\"wp-block-image size-large\"><img decoding=\"async\" loading=\"lazy\" width=\"1024\" height=\"683\" data-id=\"65\"  src=\"https:\/\/oferty.teatr-piosenki.pl\/wp-content\/uploads\/2021\/02\/22A0172-1024x683.jpg\" alt=\"\" class=\"wp-image-65\" srcset=\"https:\/\/oferty.teatr-piosenki.pl\/wp-content\/uploads\/2021\/02\/22A0172-1024x683.jpg 1024w, https:\/\/oferty.teatr-piosenki.pl\/wp-content\/uploads\/2021\/02\/22A0172-300x200.jpg 300w, https:\/\/oferty.teatr-piosenki.pl\/wp-content\/uploads\/2021\/02\/22A0172-768x512.jpg 768w, https:\/\/oferty.teatr-piosenki.pl\/wp-content\/uploads\/2021\/02\/22A0172-666x444.jpg 666w, https:\/\/oferty.teatr-piosenki.pl\/wp-content\/uploads\/2021\/02\/22A0172.jpg 1500w\" sizes=\"(max-width: 1024px) 100vw, 1024px\" \/><\/figure>\n\n\n\n<figure class=\"wp-block-image size-large\"><img decoding=\"async\" loading=\"lazy\" width=\"1024\" height=\"683\" data-id=\"66\"  src=\"https:\/\/oferty.teatr-piosenki.pl\/wp-content\/uploads\/2021\/02\/22A0487-1024x683.jpg\" alt=\"\" class=\"wp-image-66\" srcset=\"https:\/\/oferty.teatr-piosenki.pl\/wp-content\/uploads\/2021\/02\/22A0487-1024x683.jpg 1024w, https:\/\/oferty.teatr-piosenki.pl\/wp-content\/uploads\/2021\/02\/22A0487-300x200.jpg 300w, https:\/\/oferty.teatr-piosenki.pl\/wp-content\/uploads\/2021\/02\/22A0487-768x512.jpg 768w, https:\/\/oferty.teatr-piosenki.pl\/wp-content\/uploads\/2021\/02\/22A0487-666x444.jpg 666w, https:\/\/oferty.teatr-piosenki.pl\/wp-content\/uploads\/2021\/02\/22A0487.jpg 1500w\" sizes=\"(max-width: 1024px) 100vw, 1024px\" \/><\/figure>\n<figcaption class=\"blocks-gallery-caption wp-element-caption\">fot. Micha\u0142 Pa\u0144szczyk<\/figcaption><\/figure>\n\n\n\n<p>Cho\u0107 mijaj\u0105 kolejne lata, warto, aby\u015bmy zawsze pami\u0119tali o tych, dzi\u0119ki kt\u00f3rym mo\u017cemy cieszy\u0107 si\u0119 wolno\u015bci\u0105.<\/p>\n\n\n\n<p>Z tego te\u017c wzgl\u0119du przekszta\u0142cili\u015bmy widowisko przygotowane dla wielotysi\u0119cznej publiczno\u015bci w spektakl muzyczny, kt\u00f3ry doskonale odnajdzie si\u0119 w nawet najbardziej kameralnej narracji.<\/p>\n\n\n\n<figure class=\"is-layout-flex wp-block-gallery-3 wp-block-gallery has-nested-images columns-default is-cropped\">\n<figure class=\"wp-block-image size-large\"><img decoding=\"async\" loading=\"lazy\" width=\"1024\" height=\"683\" data-id=\"67\"  src=\"https:\/\/oferty.teatr-piosenki.pl\/wp-content\/uploads\/2021\/02\/22A0961-1024x683.jpg\" alt=\"\" class=\"wp-image-67\" srcset=\"https:\/\/oferty.teatr-piosenki.pl\/wp-content\/uploads\/2021\/02\/22A0961-1024x683.jpg 1024w, https:\/\/oferty.teatr-piosenki.pl\/wp-content\/uploads\/2021\/02\/22A0961-300x200.jpg 300w, https:\/\/oferty.teatr-piosenki.pl\/wp-content\/uploads\/2021\/02\/22A0961-768x512.jpg 768w, https:\/\/oferty.teatr-piosenki.pl\/wp-content\/uploads\/2021\/02\/22A0961-666x444.jpg 666w, https:\/\/oferty.teatr-piosenki.pl\/wp-content\/uploads\/2021\/02\/22A0961.jpg 1500w\" sizes=\"(max-width: 1024px) 100vw, 1024px\" \/><\/figure>\n\n\n\n<figure class=\"wp-block-image size-large\"><img decoding=\"async\" loading=\"lazy\" width=\"971\" height=\"1024\" data-id=\"68\"  src=\"https:\/\/oferty.teatr-piosenki.pl\/wp-content\/uploads\/2021\/02\/22A1448-971x1024.jpg\" alt=\"\" class=\"wp-image-68\" srcset=\"https:\/\/oferty.teatr-piosenki.pl\/wp-content\/uploads\/2021\/02\/22A1448-971x1024.jpg 971w, https:\/\/oferty.teatr-piosenki.pl\/wp-content\/uploads\/2021\/02\/22A1448-285x300.jpg 285w, https:\/\/oferty.teatr-piosenki.pl\/wp-content\/uploads\/2021\/02\/22A1448-768x810.jpg 768w, https:\/\/oferty.teatr-piosenki.pl\/wp-content\/uploads\/2021\/02\/22A1448.jpg 1423w\" sizes=\"(max-width: 971px) 100vw, 971px\" \/><\/figure>\n\n\n\n<figure class=\"wp-block-image size-large\"><img decoding=\"async\" loading=\"lazy\" width=\"1024\" height=\"683\" data-id=\"69\"  src=\"https:\/\/oferty.teatr-piosenki.pl\/wp-content\/uploads\/2021\/02\/22A1775-1-1024x683.jpg\" alt=\"\" class=\"wp-image-69\" srcset=\"https:\/\/oferty.teatr-piosenki.pl\/wp-content\/uploads\/2021\/02\/22A1775-1-1024x683.jpg 1024w, https:\/\/oferty.teatr-piosenki.pl\/wp-content\/uploads\/2021\/02\/22A1775-1-300x200.jpg 300w, https:\/\/oferty.teatr-piosenki.pl\/wp-content\/uploads\/2021\/02\/22A1775-1-768x512.jpg 768w, https:\/\/oferty.teatr-piosenki.pl\/wp-content\/uploads\/2021\/02\/22A1775-1-666x444.jpg 666w, https:\/\/oferty.teatr-piosenki.pl\/wp-content\/uploads\/2021\/02\/22A1775-1.jpg 1500w\" sizes=\"(max-width: 1024px) 100vw, 1024px\" \/><\/figure>\n<figcaption class=\"blocks-gallery-caption wp-element-caption\">fot. Micha\u0142 Pa\u0144szczyk<\/figcaption><\/figure>\n\n\n\n<h4 class=\"has-text-align-center\">Je\u017celi jeste\u015bcie Pa\u0144<strong>stwo zainteresowani spektaklem <\/strong><br><strong>z wyra\u017anym akcentem patriotycznym &#8211; zach\u0119camy <\/strong><br><strong>do zapoznania si\u0119 z poni\u017csz\u0105 eksplikacj\u0105 widowiska.<\/strong><\/h4>\n\n\n\n<p>\u201eIMIONA WOLNO\u015aCI 2.0\u201d to wznowienie fragment\u00f3w nowoczesnego widowiska multimedialnego po\u015bwi\u0119conego setnej rocznicy odzyskania&nbsp; przez Polsk\u0119 niepodleg\u0142o\u015bci po 123 latach rozbior\u00f3w. &nbsp;<\/p>\n\n\n\n<p>Prapremiera odby\u0142a si\u0119 w dniu 9 listopada 2018 roku w Hali Stulecia we Wroc\u0142awiu, zosta\u0142a zarejestrowana telewizyjnie przez ATM Rozrywka. Powsta\u0142y r\u00f3wnie\u017c p\u0142yty CD i DVD z wydarzenia.<\/p>\n\n\n\n<p>&nbsp;\u201eIMIONA WOLNO\u015aCI 2.0\u201d to przypomnienie widowiska, w kt\u00f3rym wzi\u0119\u0142o udzia\u0142 blisko 150 os\u00f3b \u2013ukazanie historii w formie wsp\u00f3\u0142czesnej, brawurowej opowie\u015bci o najwa\u017cniejszych humanistycznych warto\u015bciach&nbsp; stworzonych&nbsp; i bronionych przez cz\u0142owieka:&nbsp; Wolno\u015bci Jednostki, Wolno\u015bci Spo\u0142ecze\u0144stwa i Wolno\u015bci Narodu, to opowie\u015b\u0107 o Wolno\u015bci Polski na tle panoramy najwa\u017cniejszych zdarze\u0144 historycznych, a tak\u017ce nurt\u00f3w politycznych Europy i \u015bwiata pocz\u0105tku XX stulecia.&nbsp;<\/p>\n\n\n\n<p>W tym roku pragniemy spektaklem odda\u0107 ho\u0142d uczestnikom Bitwy Warszawskiej, w 100- lecie jej obchod\u00f3w.<\/p>\n\n\n\n<p>Podczas spektaklu us\u0142yszymy cytaty z najbardziej popularnych piosenek \u017co\u0142nierskich: \u201eO, m\u00f3j rozmarynie\u201d, \u201eWojenko, wojenko\u201d,&nbsp; \u201ePiechota, ta szara piechota\u201d \u201ePierwsza Kadrowa\u201d, czy ,,Hej, hej Komendancie\u201d kt\u00f3rych powszechnie znane refreny \u015bpiewane b\u0119d\u0105 przez wokalist\u00f3w i ch\u00f3r, tak by podejmowane by\u0142y zawsze przez zgromadzon\u0105 widowni\u0119. Zwrotki opowiadaj\u0105 histori\u0119 znanych bohater\u00f3w, kt\u00f3rzy przyczynili si\u0119 do Odzyskania Niepodleg\u0142o\u015bci oraz mniej znanych, zapomnianych cz\u0119sto uczestnik\u00f3w walk o Niepodleg\u0142o\u015b\u0107 naszego kraju .<\/p>\n\n\n\n<p>Wykorzystane zostanie brzmienie klasycznego zespo\u0142u kameralnego, graj\u0105cego na \u017cywo, ale tak\u017ce wsp\u00f3\u0142czesne instrumentarium elektroniczne.<\/p>\n\n\n\n<p>W realizacjach filmowych odtwarzanych na wizualizacjach wyst\u0105pi\u0105 Grupy Rekonstrukcji Historycznej i aktorzy w historycznych kostiumach i w odpowiedniej charakteryzacji nawi\u0105zuj\u0105cej do najs\u0142ynniejszych portret\u00f3w bohater\u00f3w opowie\u015bci. &nbsp;<\/p>\n\n\n\n<h4>W<strong>ykonawcy:<\/strong><\/h4>\n\n\n\n<p>Agata Grze\u015bkiewicz<\/p>\n\n\n\n<p>Agata Klimczak<\/p>\n\n\n\n<p>Bart\u0142omiej Abramowicz<\/p>\n\n\n\n<p>Marcin Lewandowski<\/p>\n\n\n\n<p>Damian \u0141ukawski&nbsp;<\/p>\n\n\n\n<p>Leszek Zdu\u0144<\/p>\n\n\n\n<p>Grupa Ta\u0144ca Wsp\u00f3\u0142czesnego ,,Inwencja\u201d pod kier. Angeliki Skowronek<\/p>\n\n\n\n<p><strong>Scenariusz:<\/strong> Roman Ko\u0142akowski\/Leszek Zdu\u0144<\/p>\n\n\n\n<p><strong>Re\u017cyseria<\/strong>: Agata Klimczak- Ko\u0142akowska<\/p>\n\n\n\n<p><strong>Muzyka<\/strong>: Roman Ko\u0142akowski + remix tradycyjnych pie\u015bni legionowych<\/p>\n\n\n\n<p><strong>Filmy<\/strong>: Krystian Andrzejewski<\/p>\n\n\n\n<p><strong>Produkcja<\/strong> <strong>Techniczna<\/strong>\/ <strong>multimedia<\/strong>: Marcin Kocik WIDNO<\/p>\n\n\n\n<p><strong>Produkcja artystyczna: <\/strong>Fundacja im. Romana Ko\u0142akowskiego<\/p>\n","protected":false},"excerpt":{"rendered":"<p>Po ogromnym sukcesie wyj\u0105tkowego widowiska &#8211; &#8222;Imiona Wolno\u015bci&#8221; &#8211; kt\u00f3re te\u017c okaza\u0142o si\u0119&nbsp;ostatnim, wielkim dzie\u0142em Romana Ko\u0142akowskiego, postanowili\u015bmy, kontynuuj\u0105c prac\u0119 &hellip; <span class=\"more-button\"><a href=\"https:\/\/oferty.teatr-piosenki.pl\/index.php\/imiona-wolnosci-2-0\/\" class=\"more-link\">Czytaj dalej<span class=\"screen-reader-text\">IMIONA WOLNO\u015aCI 2.0<\/span><\/a><\/span><\/p>\n","protected":false},"author":1,"featured_media":60,"parent":0,"menu_order":0,"comment_status":"closed","ping_status":"closed","template":"","meta":[],"_links":{"self":[{"href":"https:\/\/oferty.teatr-piosenki.pl\/index.php\/wp-json\/wp\/v2\/pages\/58"}],"collection":[{"href":"https:\/\/oferty.teatr-piosenki.pl\/index.php\/wp-json\/wp\/v2\/pages"}],"about":[{"href":"https:\/\/oferty.teatr-piosenki.pl\/index.php\/wp-json\/wp\/v2\/types\/page"}],"author":[{"embeddable":true,"href":"https:\/\/oferty.teatr-piosenki.pl\/index.php\/wp-json\/wp\/v2\/users\/1"}],"replies":[{"embeddable":true,"href":"https:\/\/oferty.teatr-piosenki.pl\/index.php\/wp-json\/wp\/v2\/comments?post=58"}],"version-history":[{"count":6,"href":"https:\/\/oferty.teatr-piosenki.pl\/index.php\/wp-json\/wp\/v2\/pages\/58\/revisions"}],"predecessor-version":[{"id":373,"href":"https:\/\/oferty.teatr-piosenki.pl\/index.php\/wp-json\/wp\/v2\/pages\/58\/revisions\/373"}],"wp:featuredmedia":[{"embeddable":true,"href":"https:\/\/oferty.teatr-piosenki.pl\/index.php\/wp-json\/wp\/v2\/media\/60"}],"wp:attachment":[{"href":"https:\/\/oferty.teatr-piosenki.pl\/index.php\/wp-json\/wp\/v2\/media?parent=58"}],"curies":[{"name":"wp","href":"https:\/\/api.w.org\/{rel}","templated":true}]}}